{"id":983,"date":"2020-08-28T00:54:05","date_gmt":"2020-08-28T00:54:05","guid":{"rendered":"https:\/\/denklemymm.com.tr\/transfer-fiyatlandirmasi-ve-ortulu-sermaye-danismaligi\/"},"modified":"2022-06-21T21:08:00","modified_gmt":"2022-06-21T18:08:00","slug":"transfer-pricing-services%ef%bf%bc","status":"publish","type":"page","link":"https:\/\/denklemymm.com.tr\/en\/transfer-pricing-services%ef%bf%bc\/","title":{"rendered":"Transfer Pricing Services"},"content":{"rendered":"\t\t<div data-elementor-type=\"wp-page\" data-elementor-id=\"983\" class=\"elementor elementor-983\">\n\t\t\t\t\t\t<section class=\"elementor-section elementor-top-section elementor-element elementor-element-b7e3b47 elementor-section-stretched elementor-section-content-middle elementor-section-full_width elementor-section-height-default elementor-section-height-default\" data-id=\"b7e3b47\" data-element_type=\"section\" data-settings=\"{&quot;stretch_section&quot;:&quot;section-stretched&quot;}\">\n\t\t\t\t\t\t<div class=\"elementor-container elementor-column-gap-wider\">\n\t\t\t\t\t<div class=\"elementor-column elementor-col-50 elementor-top-column elementor-element elementor-element-a1b276d\" data-id=\"a1b276d\" data-element_type=\"column\">\n\t\t\t<div class=\"elementor-widget-wrap elementor-element-populated\">\n\t\t\t\t\t\t<section class=\"elementor-section elementor-inner-section elementor-element elementor-element-2e3b689 elementor-section-boxed elementor-section-height-default elementor-section-height-default\" data-id=\"2e3b689\" data-element_type=\"section\">\n\t\t\t\t\t\t<div class=\"elementor-container elementor-column-gap-default\">\n\t\t\t\t\t<div class=\"elementor-column elementor-col-100 elementor-inner-column elementor-element elementor-element-d944d11\" data-id=\"d944d11\" data-element_type=\"column\">\n\t\t\t<div class=\"elementor-widget-wrap elementor-element-populated\">\n\t\t\t\t\t\t<div class=\"elementor-element elementor-element-7ed83f6 elementor-widget elementor-widget-text-editor\" data-id=\"7ed83f6\" data-element_type=\"widget\" data-widget_type=\"text-editor.default\">\n\t\t\t\t<div class=\"elementor-widget-container\">\n\t\t\t\t\t\t\t\t\t<h1>Transfer Pricing Services<\/h1>\t\t\t\t\t\t\t\t<\/div>\n\t\t\t\t<\/div>\n\t\t\t\t\t<\/div>\n\t\t<\/div>\n\t\t\t\t\t<\/div>\n\t\t<\/section>\n\t\t\t\t\t<\/div>\n\t\t<\/div>\n\t\t\t\t<div class=\"elementor-column elementor-col-50 elementor-top-column elementor-element elementor-element-a3efd4a\" data-id=\"a3efd4a\" data-element_type=\"column\">\n\t\t\t<div class=\"elementor-widget-wrap elementor-element-populated\">\n\t\t\t\t\t\t<section class=\"elementor-section elementor-inner-section elementor-element elementor-element-43c4459 elementor-section-boxed elementor-section-height-default elementor-section-height-default\" data-id=\"43c4459\" data-element_type=\"section\">\n\t\t\t\t\t\t<div class=\"elementor-container elementor-column-gap-default\">\n\t\t\t\t\t<div class=\"elementor-column elementor-col-100 elementor-inner-column elementor-element elementor-element-4cc6ac3\" data-id=\"4cc6ac3\" data-element_type=\"column\">\n\t\t\t<div class=\"elementor-widget-wrap elementor-element-populated\">\n\t\t\t\t\t\t<div class=\"elementor-element elementor-element-1a4d94a elementor-widget elementor-widget-image\" data-id=\"1a4d94a\" data-element_type=\"widget\" data-widget_type=\"image.default\">\n\t\t\t\t<div class=\"elementor-widget-container\">\n\t\t\t\t\t\t\t\t\t\t\t\t\t\t\t<img fetchpriority=\"high\" decoding=\"async\" width=\"960\" height=\"854\" src=\"https:\/\/denklemymm.com.tr\/wp-content\/uploads\/2020\/05\/finance2-subheader-pic2.jpg\" class=\"attachment-large size-large wp-image-240\" alt=\"\" srcset=\"https:\/\/denklemymm.com.tr\/wp-content\/uploads\/2020\/05\/finance2-subheader-pic2.jpg 960w, https:\/\/denklemymm.com.tr\/wp-content\/uploads\/2020\/05\/finance2-subheader-pic2-300x267.jpg 300w, https:\/\/denklemymm.com.tr\/wp-content\/uploads\/2020\/05\/finance2-subheader-pic2-768x683.jpg 768w, https:\/\/denklemymm.com.tr\/wp-content\/uploads\/2020\/05\/finance2-subheader-pic2-164x146.jpg 164w, https:\/\/denklemymm.com.tr\/wp-content\/uploads\/2020\/05\/finance2-subheader-pic2-50x44.jpg 50w, https:\/\/denklemymm.com.tr\/wp-content\/uploads\/2020\/05\/finance2-subheader-pic2-84x75.jpg 84w\" sizes=\"(max-width:767px) 480px, (max-width:960px) 100vw, 960px\" \/>\t\t\t\t\t\t\t\t\t\t\t\t\t\t\t<\/div>\n\t\t\t\t<\/div>\n\t\t\t\t\t<\/div>\n\t\t<\/div>\n\t\t\t\t\t<\/div>\n\t\t<\/section>\n\t\t\t\t\t<\/div>\n\t\t<\/div>\n\t\t\t\t\t<\/div>\n\t\t<\/section>\n\t\t\t\t<section class=\"elementor-section elementor-top-section elementor-element elementor-element-ffa35a4 elementor-section-boxed elementor-section-height-default elementor-section-height-default\" data-id=\"ffa35a4\" data-element_type=\"section\">\n\t\t\t\t\t\t<div class=\"elementor-container elementor-column-gap-default\">\n\t\t\t\t\t<div class=\"elementor-column elementor-col-100 elementor-top-column elementor-element elementor-element-b7fcc43\" data-id=\"b7fcc43\" data-element_type=\"column\">\n\t\t\t<div class=\"elementor-widget-wrap elementor-element-populated\">\n\t\t\t\t\t\t<div class=\"elementor-element elementor-element-2c0ed4c elementor-widget elementor-widget-text-editor\" data-id=\"2c0ed4c\" data-element_type=\"widget\" data-widget_type=\"text-editor.default\">\n\t\t\t\t<div class=\"elementor-widget-container\">\n\t\t\t\t\t\t\t\t\t<p>Transfer pricing rules are increasingly being used by judicial authorities to protect tax revenues. Although these rules are new. they have spread rapidly because countries that are not regulated by Transfer Pricing are subject to tax loss compared to other countries. In this context. transfer pricing has become a very important issue for both taxpayers and tax authorities recently\/lately. Transfer Pricing methods were applied in our country starting from 01\/01\/2007 with the Law on Corporations Tax No. 5520. <br \/>Failures in implementing these methods both create double taxation problems and bring serious tax penalties.<span style=\"letter-spacing: 0px;\">\u00a0<\/span><\/p><p>DENKLEM Sworn-in CPA team will serve you in all transfer pricing issues. covering the following steps.<\/p><p>\u2022 Is your transfer pricing report ready?<\/p><p>\u2022 Are the prices you apply in the related transactions appropriate for arm&#8217;s length principle?<\/p><p>\u2022 Do you need a new pricing strategy due to the restructuring of your company or transactions?<\/p><p>\u2022 Do you have tax disputes on transfer pricing?<\/p><p>\u2022 Would you like to secure your transfer pricing practices?<\/p><p><strong>\u2022<\/strong>\u00a0Transfer fiyatland\u0131rmas\u0131 konusunda vergi uyu\u015fmazl\u0131\u011f\u0131 m\u0131 ya\u015f\u0131yorsunuz?<\/p><p><strong>\u2022<\/strong>\u00a0Transfer fiyatland\u0131rmas\u0131 uygulamalar\u0131n\u0131z\u0131 g\u00fcvence alt\u0131na almak ister misiniz?<\/p>\t\t\t\t\t\t\t\t<\/div>\n\t\t\t\t<\/div>\n\t\t\t\t\t<\/div>\n\t\t<\/div>\n\t\t\t\t\t<\/div>\n\t\t<\/section>\n\t\t\t\t<section class=\"elementor-section elementor-top-section elementor-element elementor-element-b0dcedd elementor-section-stretched elementor-section-boxed elementor-section-height-default elementor-section-height-default\" data-id=\"b0dcedd\" data-element_type=\"section\" data-settings=\"{&quot;stretch_section&quot;:&quot;section-stretched&quot;,&quot;background_background&quot;:&quot;classic&quot;}\">\n\t\t\t\t\t\t\t<div class=\"elementor-background-overlay\"><\/div>\n\t\t\t\t\t\t\t<div class=\"elementor-container elementor-column-gap-wider\">\n\t\t\t\t\t<div class=\"elementor-column elementor-col-100 elementor-top-column elementor-element elementor-element-2da1e82\" data-id=\"2da1e82\" data-element_type=\"column\">\n\t\t\t<div class=\"elementor-widget-wrap elementor-element-populated\">\n\t\t\t\t\t\t<section class=\"elementor-section elementor-inner-section elementor-element elementor-element-7dc043c elementor-section-boxed elementor-section-height-default elementor-section-height-default\" data-id=\"7dc043c\" data-element_type=\"section\">\n\t\t\t\t\t\t<div class=\"elementor-container elementor-column-gap-default\">\n\t\t\t\t\t<div class=\"elementor-column elementor-col-25 elementor-inner-column elementor-element elementor-element-57a2500 animated-slow\" data-id=\"57a2500\" data-element_type=\"column\" data-settings=\"{&quot;animation&quot;:&quot;none&quot;}\">\n\t\t\t<div class=\"elementor-widget-wrap elementor-element-populated\">\n\t\t\t\t\t\t<div class=\"elementor-element elementor-element-bb682d2 elementor-widget elementor-widget-text-editor\" data-id=\"bb682d2\" data-element_type=\"widget\" data-widget_type=\"text-editor.default\">\n\t\t\t\t<div class=\"elementor-widget-container\">\n\t\t\t\t\t\t\t\t\t<img decoding=\"async\" class=\"alignnone size-medium wp-image-487\" src=\"https:\/\/denklemymm.com.tr\/wp-content\/uploads\/2020\/08\/Tam-Tasdik-Hizmetleri-300x300.png\" alt=\"\" width=\"100\" height=\"100\" srcset=\"https:\/\/denklemymm.com.tr\/wp-content\/uploads\/2020\/08\/Tam-Tasdik-Hizmetleri-300x300.png 300w, https:\/\/denklemymm.com.tr\/wp-content\/uploads\/2020\/08\/Tam-Tasdik-Hizmetleri-1024x1024.png 1024w, https:\/\/denklemymm.com.tr\/wp-content\/uploads\/2020\/08\/Tam-Tasdik-Hizmetleri-150x150.png 150w, https:\/\/denklemymm.com.tr\/wp-content\/uploads\/2020\/08\/Tam-Tasdik-Hizmetleri-768x768.png 768w, https:\/\/denklemymm.com.tr\/wp-content\/uploads\/2020\/08\/Tam-Tasdik-Hizmetleri-1536x1536.png 1536w, https:\/\/denklemymm.com.tr\/wp-content\/uploads\/2020\/08\/Tam-Tasdik-Hizmetleri-2048x2048.png 2048w, https:\/\/denklemymm.com.tr\/wp-content\/uploads\/2020\/08\/Tam-Tasdik-Hizmetleri-146x146.png 146w, https:\/\/denklemymm.com.tr\/wp-content\/uploads\/2020\/08\/Tam-Tasdik-Hizmetleri-50x50.png 50w, https:\/\/denklemymm.com.tr\/wp-content\/uploads\/2020\/08\/Tam-Tasdik-Hizmetleri-75x75.png 75w, https:\/\/denklemymm.com.tr\/wp-content\/uploads\/2020\/08\/Tam-Tasdik-Hizmetleri-85x85.png 85w, https:\/\/denklemymm.com.tr\/wp-content\/uploads\/2020\/08\/Tam-Tasdik-Hizmetleri-80x80.png 80w\" sizes=\"(max-width:767px) 100px, 100px\" \/>\n<h4>Full Certification Services<\/h4>\t\t\t\t\t\t\t\t<\/div>\n\t\t\t\t<\/div>\n\t\t\t\t\t<\/div>\n\t\t<\/div>\n\t\t\t\t<div class=\"elementor-column elementor-col-25 elementor-inner-column elementor-element elementor-element-427eef5\" data-id=\"427eef5\" data-element_type=\"column\">\n\t\t\t<div class=\"elementor-widget-wrap elementor-element-populated\">\n\t\t\t\t\t\t<div class=\"elementor-element elementor-element-10a795d elementor-widget elementor-widget-text-editor\" data-id=\"10a795d\" data-element_type=\"widget\" data-widget_type=\"text-editor.default\">\n\t\t\t\t<div class=\"elementor-widget-container\">\n\t\t\t\t\t\t\t\t\t<p><img decoding=\"async\" class=\"alignnone wp-image-491\" src=\"https:\/\/denklemymm.com.tr\/wp-content\/uploads\/2020\/08\/KDV-Iade-Hizmetleri-300x300.png\" alt=\"\" width=\"100\" height=\"100\" srcset=\"https:\/\/denklemymm.com.tr\/wp-content\/uploads\/2020\/08\/KDV-Iade-Hizmetleri-300x300.png 300w, https:\/\/denklemymm.com.tr\/wp-content\/uploads\/2020\/08\/KDV-Iade-Hizmetleri-150x150.png 150w, https:\/\/denklemymm.com.tr\/wp-content\/uploads\/2020\/08\/KDV-Iade-Hizmetleri-146x146.png 146w, https:\/\/denklemymm.com.tr\/wp-content\/uploads\/2020\/08\/KDV-Iade-Hizmetleri-50x50.png 50w, https:\/\/denklemymm.com.tr\/wp-content\/uploads\/2020\/08\/KDV-Iade-Hizmetleri-75x75.png 75w, https:\/\/denklemymm.com.tr\/wp-content\/uploads\/2020\/08\/KDV-Iade-Hizmetleri-85x85.png 85w, https:\/\/denklemymm.com.tr\/wp-content\/uploads\/2020\/08\/KDV-Iade-Hizmetleri-80x80.png 80w, https:\/\/denklemymm.com.tr\/wp-content\/uploads\/2020\/08\/KDV-Iade-Hizmetleri.png 709w\" sizes=\"(max-width:767px) 100px, 100px\" \/><\/p><h4>Vat Return Services<\/h4>\t\t\t\t\t\t\t\t<\/div>\n\t\t\t\t<\/div>\n\t\t\t\t\t<\/div>\n\t\t<\/div>\n\t\t\t\t<div class=\"elementor-column elementor-col-25 elementor-inner-column elementor-element elementor-element-aba6d7f\" data-id=\"aba6d7f\" data-element_type=\"column\">\n\t\t\t<div class=\"elementor-widget-wrap elementor-element-populated\">\n\t\t\t\t\t\t<div class=\"elementor-element elementor-element-ef6348a elementor-widget elementor-widget-text-editor\" data-id=\"ef6348a\" data-element_type=\"widget\" data-widget_type=\"text-editor.default\">\n\t\t\t\t<div class=\"elementor-widget-container\">\n\t\t\t\t\t\t\t\t\t<p><img loading=\"lazy\" decoding=\"async\" class=\"alignnone wp-image-488\" src=\"https:\/\/denklemymm.com.tr\/wp-content\/uploads\/2020\/08\/Transfer-Fiyatlandirmasi-ve-Ortulu-Sermaye-Danismaligi-300x300.png\" alt=\"\" width=\"100\" height=\"100\" srcset=\"https:\/\/denklemymm.com.tr\/wp-content\/uploads\/2020\/08\/Transfer-Fiyatlandirmasi-ve-Ortulu-Sermaye-Danismaligi-300x300.png 300w, https:\/\/denklemymm.com.tr\/wp-content\/uploads\/2020\/08\/Transfer-Fiyatlandirmasi-ve-Ortulu-Sermaye-Danismaligi-1024x1024.png 1024w, https:\/\/denklemymm.com.tr\/wp-content\/uploads\/2020\/08\/Transfer-Fiyatlandirmasi-ve-Ortulu-Sermaye-Danismaligi-150x150.png 150w, https:\/\/denklemymm.com.tr\/wp-content\/uploads\/2020\/08\/Transfer-Fiyatlandirmasi-ve-Ortulu-Sermaye-Danismaligi-768x768.png 768w, https:\/\/denklemymm.com.tr\/wp-content\/uploads\/2020\/08\/Transfer-Fiyatlandirmasi-ve-Ortulu-Sermaye-Danismaligi-1536x1536.png 1536w, https:\/\/denklemymm.com.tr\/wp-content\/uploads\/2020\/08\/Transfer-Fiyatlandirmasi-ve-Ortulu-Sermaye-Danismaligi-2048x2048.png 2048w, https:\/\/denklemymm.com.tr\/wp-content\/uploads\/2020\/08\/Transfer-Fiyatlandirmasi-ve-Ortulu-Sermaye-Danismaligi-146x146.png 146w, https:\/\/denklemymm.com.tr\/wp-content\/uploads\/2020\/08\/Transfer-Fiyatlandirmasi-ve-Ortulu-Sermaye-Danismaligi-50x50.png 50w, https:\/\/denklemymm.com.tr\/wp-content\/uploads\/2020\/08\/Transfer-Fiyatlandirmasi-ve-Ortulu-Sermaye-Danismaligi-75x75.png 75w, https:\/\/denklemymm.com.tr\/wp-content\/uploads\/2020\/08\/Transfer-Fiyatlandirmasi-ve-Ortulu-Sermaye-Danismaligi-85x85.png 85w, https:\/\/denklemymm.com.tr\/wp-content\/uploads\/2020\/08\/Transfer-Fiyatlandirmasi-ve-Ortulu-Sermaye-Danismaligi-80x80.png 80w\" sizes=\"(max-width:767px) 100px, 100px\" \/><\/p><h4>Transfer Pricing Services<\/h4>\t\t\t\t\t\t\t\t<\/div>\n\t\t\t\t<\/div>\n\t\t\t\t\t<\/div>\n\t\t<\/div>\n\t\t\t\t<div class=\"elementor-column elementor-col-25 elementor-inner-column elementor-element elementor-element-b3cc07e\" data-id=\"b3cc07e\" data-element_type=\"column\">\n\t\t\t<div class=\"elementor-widget-wrap elementor-element-populated\">\n\t\t\t\t\t\t<div class=\"elementor-element elementor-element-e904436 elementor-widget elementor-widget-text-editor\" data-id=\"e904436\" data-element_type=\"widget\" data-widget_type=\"text-editor.default\">\n\t\t\t\t<div class=\"elementor-widget-container\">\n\t\t\t\t\t\t\t\t\t<p><img loading=\"lazy\" decoding=\"async\" class=\"alignnone wp-image-492\" src=\"https:\/\/denklemymm.com.tr\/wp-content\/uploads\/2020\/08\/Vergi-Planlamasi-ve-Yapilanmasi-300x300.png\" alt=\"\" width=\"100\" height=\"100\" srcset=\"https:\/\/denklemymm.com.tr\/wp-content\/uploads\/2020\/08\/Vergi-Planlamasi-ve-Yapilanmasi-300x300.png 300w, https:\/\/denklemymm.com.tr\/wp-content\/uploads\/2020\/08\/Vergi-Planlamasi-ve-Yapilanmasi-1024x1024.png 1024w, https:\/\/denklemymm.com.tr\/wp-content\/uploads\/2020\/08\/Vergi-Planlamasi-ve-Yapilanmasi-150x150.png 150w, https:\/\/denklemymm.com.tr\/wp-content\/uploads\/2020\/08\/Vergi-Planlamasi-ve-Yapilanmasi-768x768.png 768w, https:\/\/denklemymm.com.tr\/wp-content\/uploads\/2020\/08\/Vergi-Planlamasi-ve-Yapilanmasi-1536x1536.png 1536w, https:\/\/denklemymm.com.tr\/wp-content\/uploads\/2020\/08\/Vergi-Planlamasi-ve-Yapilanmasi-2048x2048.png 2048w, https:\/\/denklemymm.com.tr\/wp-content\/uploads\/2020\/08\/Vergi-Planlamasi-ve-Yapilanmasi-146x146.png 146w, https:\/\/denklemymm.com.tr\/wp-content\/uploads\/2020\/08\/Vergi-Planlamasi-ve-Yapilanmasi-50x50.png 50w, https:\/\/denklemymm.com.tr\/wp-content\/uploads\/2020\/08\/Vergi-Planlamasi-ve-Yapilanmasi-75x75.png 75w, https:\/\/denklemymm.com.tr\/wp-content\/uploads\/2020\/08\/Vergi-Planlamasi-ve-Yapilanmasi-85x85.png 85w, https:\/\/denklemymm.com.tr\/wp-content\/uploads\/2020\/08\/Vergi-Planlamasi-ve-Yapilanmasi-80x80.png 80w\" sizes=\"(max-width:767px) 100px, 100px\" \/><\/p><h4>Tax Planning And Configuration<\/h4>\t\t\t\t\t\t\t\t<\/div>\n\t\t\t\t<\/div>\n\t\t\t\t\t<\/div>\n\t\t<\/div>\n\t\t\t\t\t<\/div>\n\t\t<\/section>\n\t\t\t\t<section class=\"elementor-section elementor-inner-section elementor-element elementor-element-ba0a8fc elementor-section-boxed elementor-section-height-default elementor-section-height-default\" data-id=\"ba0a8fc\" data-element_type=\"section\">\n\t\t\t\t\t\t<div class=\"elementor-container elementor-column-gap-default\">\n\t\t\t\t\t<div class=\"elementor-column elementor-col-25 elementor-inner-column elementor-element elementor-element-6cc9b07\" data-id=\"6cc9b07\" data-element_type=\"column\">\n\t\t\t<div class=\"elementor-widget-wrap elementor-element-populated\">\n\t\t\t\t\t\t<div class=\"elementor-element elementor-element-9213208 elementor-widget elementor-widget-text-editor\" data-id=\"9213208\" data-element_type=\"widget\" data-widget_type=\"text-editor.default\">\n\t\t\t\t<div class=\"elementor-widget-container\">\n\t\t\t\t\t\t\t\t\t<p><img loading=\"lazy\" decoding=\"async\" class=\"alignnone wp-image-489\" src=\"https:\/\/denklemymm.com.tr\/wp-content\/uploads\/2020\/08\/Ar-Ge-Danismanligi-300x300.png\" alt=\"\" width=\"100\" height=\"100\" srcset=\"https:\/\/denklemymm.com.tr\/wp-content\/uploads\/2020\/08\/Ar-Ge-Danismanligi-300x300.png 300w, https:\/\/denklemymm.com.tr\/wp-content\/uploads\/2020\/08\/Ar-Ge-Danismanligi-1024x1024.png 1024w, https:\/\/denklemymm.com.tr\/wp-content\/uploads\/2020\/08\/Ar-Ge-Danismanligi-150x150.png 150w, https:\/\/denklemymm.com.tr\/wp-content\/uploads\/2020\/08\/Ar-Ge-Danismanligi-768x768.png 768w, https:\/\/denklemymm.com.tr\/wp-content\/uploads\/2020\/08\/Ar-Ge-Danismanligi-1536x1536.png 1536w, https:\/\/denklemymm.com.tr\/wp-content\/uploads\/2020\/08\/Ar-Ge-Danismanligi-2048x2048.png 2048w, https:\/\/denklemymm.com.tr\/wp-content\/uploads\/2020\/08\/Ar-Ge-Danismanligi-146x146.png 146w, https:\/\/denklemymm.com.tr\/wp-content\/uploads\/2020\/08\/Ar-Ge-Danismanligi-50x50.png 50w, https:\/\/denklemymm.com.tr\/wp-content\/uploads\/2020\/08\/Ar-Ge-Danismanligi-75x75.png 75w, https:\/\/denklemymm.com.tr\/wp-content\/uploads\/2020\/08\/Ar-Ge-Danismanligi-85x85.png 85w, https:\/\/denklemymm.com.tr\/wp-content\/uploads\/2020\/08\/Ar-Ge-Danismanligi-80x80.png 80w\" sizes=\"(max-width:767px) 100px, 100px\" \/><\/p><h4>General R &amp; D Consultancy<\/h4>\t\t\t\t\t\t\t\t<\/div>\n\t\t\t\t<\/div>\n\t\t\t\t\t<\/div>\n\t\t<\/div>\n\t\t\t\t<div class=\"elementor-column elementor-col-25 elementor-inner-column elementor-element elementor-element-4acb856\" data-id=\"4acb856\" data-element_type=\"column\">\n\t\t\t<div class=\"elementor-widget-wrap elementor-element-populated\">\n\t\t\t\t\t\t<div class=\"elementor-element elementor-element-e614807 elementor-widget elementor-widget-text-editor\" data-id=\"e614807\" data-element_type=\"widget\" data-widget_type=\"text-editor.default\">\n\t\t\t\t<div class=\"elementor-widget-container\">\n\t\t\t\t\t\t\t\t\t<p><img loading=\"lazy\" decoding=\"async\" class=\"alignnone wp-image-493\" src=\"https:\/\/denklemymm.com.tr\/wp-content\/uploads\/2020\/08\/Ozel-Amacli-Denetim-300x300.png\" alt=\"\" width=\"100\" height=\"100\" srcset=\"https:\/\/denklemymm.com.tr\/wp-content\/uploads\/2020\/08\/Ozel-Amacli-Denetim-300x300.png 300w, https:\/\/denklemymm.com.tr\/wp-content\/uploads\/2020\/08\/Ozel-Amacli-Denetim-1024x1024.png 1024w, https:\/\/denklemymm.com.tr\/wp-content\/uploads\/2020\/08\/Ozel-Amacli-Denetim-150x150.png 150w, https:\/\/denklemymm.com.tr\/wp-content\/uploads\/2020\/08\/Ozel-Amacli-Denetim-768x768.png 768w, https:\/\/denklemymm.com.tr\/wp-content\/uploads\/2020\/08\/Ozel-Amacli-Denetim-1536x1536.png 1536w, https:\/\/denklemymm.com.tr\/wp-content\/uploads\/2020\/08\/Ozel-Amacli-Denetim-2048x2048.png 2048w, https:\/\/denklemymm.com.tr\/wp-content\/uploads\/2020\/08\/Ozel-Amacli-Denetim-146x146.png 146w, https:\/\/denklemymm.com.tr\/wp-content\/uploads\/2020\/08\/Ozel-Amacli-Denetim-50x50.png 50w, https:\/\/denklemymm.com.tr\/wp-content\/uploads\/2020\/08\/Ozel-Amacli-Denetim-75x75.png 75w, https:\/\/denklemymm.com.tr\/wp-content\/uploads\/2020\/08\/Ozel-Amacli-Denetim-85x85.png 85w, https:\/\/denklemymm.com.tr\/wp-content\/uploads\/2020\/08\/Ozel-Amacli-Denetim-80x80.png 80w\" sizes=\"(max-width:767px) 100px, 100px\" \/><\/p><h4>Special Purpose Audit<\/h4>\t\t\t\t\t\t\t\t<\/div>\n\t\t\t\t<\/div>\n\t\t\t\t\t<\/div>\n\t\t<\/div>\n\t\t\t\t<div class=\"elementor-column elementor-col-25 elementor-inner-column elementor-element elementor-element-e28cf09\" data-id=\"e28cf09\" data-element_type=\"column\">\n\t\t\t<div class=\"elementor-widget-wrap elementor-element-populated\">\n\t\t\t\t\t\t<div class=\"elementor-element elementor-element-edca23d elementor-widget elementor-widget-text-editor\" data-id=\"edca23d\" data-element_type=\"widget\" data-widget_type=\"text-editor.default\">\n\t\t\t\t<div class=\"elementor-widget-container\">\n\t\t\t\t\t\t\t\t\t<p><img loading=\"lazy\" decoding=\"async\" class=\"alignnone wp-image-490\" src=\"https:\/\/denklemymm.com.tr\/wp-content\/uploads\/2020\/08\/Vergi-Davalari-300x300.png\" alt=\"\" width=\"100\" height=\"100\" srcset=\"https:\/\/denklemymm.com.tr\/wp-content\/uploads\/2020\/08\/Vergi-Davalari-300x300.png 300w, https:\/\/denklemymm.com.tr\/wp-content\/uploads\/2020\/08\/Vergi-Davalari-1024x1024.png 1024w, https:\/\/denklemymm.com.tr\/wp-content\/uploads\/2020\/08\/Vergi-Davalari-150x150.png 150w, https:\/\/denklemymm.com.tr\/wp-content\/uploads\/2020\/08\/Vergi-Davalari-768x768.png 768w, https:\/\/denklemymm.com.tr\/wp-content\/uploads\/2020\/08\/Vergi-Davalari-1536x1536.png 1536w, https:\/\/denklemymm.com.tr\/wp-content\/uploads\/2020\/08\/Vergi-Davalari-2048x2048.png 2048w, https:\/\/denklemymm.com.tr\/wp-content\/uploads\/2020\/08\/Vergi-Davalari-146x146.png 146w, https:\/\/denklemymm.com.tr\/wp-content\/uploads\/2020\/08\/Vergi-Davalari-50x50.png 50w, https:\/\/denklemymm.com.tr\/wp-content\/uploads\/2020\/08\/Vergi-Davalari-75x75.png 75w, https:\/\/denklemymm.com.tr\/wp-content\/uploads\/2020\/08\/Vergi-Davalari-85x85.png 85w, https:\/\/denklemymm.com.tr\/wp-content\/uploads\/2020\/08\/Vergi-Davalari-80x80.png 80w\" sizes=\"(max-width:767px) 100px, 100px\" \/><\/p><h4>Solution Partner For Your Lawyer In Tax Cases<\/h4>\t\t\t\t\t\t\t\t<\/div>\n\t\t\t\t<\/div>\n\t\t\t\t\t<\/div>\n\t\t<\/div>\n\t\t\t\t<div class=\"elementor-column elementor-col-25 elementor-inner-column elementor-element elementor-element-d61997b\" data-id=\"d61997b\" data-element_type=\"column\">\n\t\t\t<div class=\"elementor-widget-wrap elementor-element-populated\">\n\t\t\t\t\t\t<div class=\"elementor-element elementor-element-061da67 elementor-widget elementor-widget-text-editor\" data-id=\"061da67\" data-element_type=\"widget\" data-widget_type=\"text-editor.default\">\n\t\t\t\t<div class=\"elementor-widget-container\">\n\t\t\t\t\t\t\t\t\t<p><img loading=\"lazy\" decoding=\"async\" class=\"alignnone wp-image-486\" src=\"https:\/\/denklemymm.com.tr\/wp-content\/uploads\/2020\/08\/Vergi-Danismanligi-300x300.png\" alt=\"\" width=\"100\" height=\"100\" srcset=\"https:\/\/denklemymm.com.tr\/wp-content\/uploads\/2020\/08\/Vergi-Danismanligi-300x300.png 300w, https:\/\/denklemymm.com.tr\/wp-content\/uploads\/2020\/08\/Vergi-Danismanligi-1024x1024.png 1024w, https:\/\/denklemymm.com.tr\/wp-content\/uploads\/2020\/08\/Vergi-Danismanligi-150x150.png 150w, https:\/\/denklemymm.com.tr\/wp-content\/uploads\/2020\/08\/Vergi-Danismanligi-768x768.png 768w, https:\/\/denklemymm.com.tr\/wp-content\/uploads\/2020\/08\/Vergi-Danismanligi-1536x1536.png 1536w, https:\/\/denklemymm.com.tr\/wp-content\/uploads\/2020\/08\/Vergi-Danismanligi-2048x2048.png 2048w, https:\/\/denklemymm.com.tr\/wp-content\/uploads\/2020\/08\/Vergi-Danismanligi-146x146.png 146w, https:\/\/denklemymm.com.tr\/wp-content\/uploads\/2020\/08\/Vergi-Danismanligi-50x50.png 50w, https:\/\/denklemymm.com.tr\/wp-content\/uploads\/2020\/08\/Vergi-Danismanligi-75x75.png 75w, https:\/\/denklemymm.com.tr\/wp-content\/uploads\/2020\/08\/Vergi-Danismanligi-85x85.png 85w, https:\/\/denklemymm.com.tr\/wp-content\/uploads\/2020\/08\/Vergi-Danismanligi-80x80.png 80w\" sizes=\"(max-width:767px) 100px, 100px\" \/><\/p><h4>Tax Consultancy<\/h4>\t\t\t\t\t\t\t\t<\/div>\n\t\t\t\t<\/div>\n\t\t\t\t\t<\/div>\n\t\t<\/div>\n\t\t\t\t\t<\/div>\n\t\t<\/section>\n\t\t\t\t\t<\/div>\n\t\t<\/div>\n\t\t\t\t\t<\/div>\n\t\t<\/section>\n\t\t\t\t<\/div>\n\t\t","protected":false},"excerpt":{"rendered":"<p>Transfer Pricing Services Transfer pricing rules are increasingly being used by judicial authorities to protect tax revenues. Although these rules are new. they have spread rapidly<span class=\"excerpt-hellip\"> [\u2026]<\/span><\/p>\n","protected":false},"author":4,"featured_media":0,"parent":0,"menu_order":0,"comment_status":"closed","ping_status":"closed","template":"","meta":{"footnotes":""},"class_list":["post-983","page","type-page","status-publish","hentry"],"_links":{"self":[{"href":"https:\/\/denklemymm.com.tr\/en\/wp-json\/wp\/v2\/pages\/983","targetHints":{"allow":["GET"]}}],"collection":[{"href":"https:\/\/denklemymm.com.tr\/en\/wp-json\/wp\/v2\/pages"}],"about":[{"href":"https:\/\/denklemymm.com.tr\/en\/wp-json\/wp\/v2\/types\/page"}],"author":[{"embeddable":true,"href":"https:\/\/denklemymm.com.tr\/en\/wp-json\/wp\/v2\/users\/4"}],"replies":[{"embeddable":true,"href":"https:\/\/denklemymm.com.tr\/en\/wp-json\/wp\/v2\/comments?post=983"}],"version-history":[{"count":14,"href":"https:\/\/denklemymm.com.tr\/en\/wp-json\/wp\/v2\/pages\/983\/revisions"}],"predecessor-version":[{"id":1110,"href":"https:\/\/denklemymm.com.tr\/en\/wp-json\/wp\/v2\/pages\/983\/revisions\/1110"}],"wp:attachment":[{"href":"https:\/\/denklemymm.com.tr\/en\/wp-json\/wp\/v2\/media?parent=983"}],"curies":[{"name":"wp","href":"https:\/\/api.w.org\/{rel}","templated":true}]}}